{"id":1884,"date":"2022-03-30T09:59:35","date_gmt":"2022-03-30T09:59:35","guid":{"rendered":"https:\/\/www.inversionmadrid.com\/avis-juridique\/"},"modified":"2022-12-09T09:07:20","modified_gmt":"2022-12-09T09:07:20","slug":"avis-juridique","status":"publish","type":"page","link":"https:\/\/www.inversionmadrid.com\/fr\/avis-juridique\/","title":{"rendered":"Avis juridique"},"content":{"rendered":"<p>[et_pb_section fb_built=\u00a0\u00bb1&Prime; custom_padding_last_edited=\u00a0\u00bbon|phone\u00a0\u00bb _builder_version=\u00a0\u00bb4.14.8&Prime; _module_preset=\u00a0\u00bbdefault\u00a0\u00bb background_color=\u00a0\u00bbRGBA(255,255,255,0)\u00a0\u00bb use_background_color_gradient=\u00a0\u00bbon\u00a0\u00bb background_color_gradient_start=\u00a0\u00bbrgba(0,0,0,0.71)\u00a0\u00bb background_color_gradient_end=\u00a0\u00bbrgba(0,0,0,0.55)\u00a0\u00bb background_color_gradient_overlays_image=\u00a0\u00bbon\u00a0\u00bb background_image=\u00a0\u00bbhttps:\/\/www.inversionmadrid.com\/wp-content\/uploads\/2022\/03\/Madrid-noche.jpg\u00a0\u00bb custom_padding=\u00a0\u00bb93px||34px||false|false\u00a0\u00bb custom_padding_tablet=\u00a0\u00bb175px||92px||false|false\u00a0\u00bb custom_padding_phone=\u00a0\u00bb124px||92px||false|false\u00a0\u00bb bottom_divider_height=\u00a0\u00bb48px\u00a0\u00bb bottom_divider_flip=\u00a0\u00bbvertical\u00a0\u00bb custom_css_main_element=\u00a0\u00bbdisplay:flex;||align-items:center;\u00a0\u00bb da_disable_devices=\u00a0\u00bboff|off|off\u00a0\u00bb global_colors_info=\u00a0\u00bb{}\u00a0\u00bb da_is_popup=\u00a0\u00bboff\u00a0\u00bb da_exit_intent=\u00a0\u00bboff\u00a0\u00bb da_has_close=\u00a0\u00bbon\u00a0\u00bb da_alt_close=\u00a0\u00bboff\u00a0\u00bb da_dark_close=\u00a0\u00bboff\u00a0\u00bb da_not_modal=\u00a0\u00bbon\u00a0\u00bb da_is_singular=\u00a0\u00bboff\u00a0\u00bb da_with_loader=\u00a0\u00bboff\u00a0\u00bb da_has_shadow=\u00a0\u00bbon\u00a0\u00bb][et_pb_row module_class=\u00a0\u00bbfila-scroll\u00a0\u00bb _builder_version=\u00a0\u00bb4.14.8&Prime; _module_preset=\u00a0\u00bbdefault\u00a0\u00bb custom_padding=\u00a0\u00bb0px|||||\u00a0\u00bb global_colors_info=\u00a0\u00bb{}\u00a0\u00bb][et_pb_column type=\u00a0\u00bb4_4&Prime; _builder_version=\u00a0\u00bb4.14.8&Prime; _module_preset=\u00a0\u00bbdefault\u00a0\u00bb global_colors_info=\u00a0\u00bb{}\u00a0\u00bb][et_pb_text _builder_version=\u00a0\u00bb4.14.8&Prime; _module_preset=\u00a0\u00bbdefault\u00a0\u00bb header_2_text_align=\u00a0\u00bbcenter\u00a0\u00bb header_2_text_color=\u00a0\u00bb#cecece\u00a0\u00bb global_colors_info=\u00a0\u00bb{}\u00a0\u00bb link_text_color__hover_enabled=\u00a0\u00bbon|hover\u00a0\u00bb link_text_color__hover=\u00a0\u00bb#FFFFFF\u00a0\u00bb]<\/p>\n<h2><strong><a href=\"https:\/\/www.inversionmadrid.com\/fr\/\">Accueil<\/a> \/ Avis juridique<\/strong><\/h2>\n<p>[\/et_pb_text][\/et_pb_column][\/et_pb_row][\/et_pb_section][et_pb_section fb_built=\u00a0\u00bb1&Prime; _builder_version=\u00a0\u00bb4.14.8&Prime; _module_preset=\u00a0\u00bbdefault\u00a0\u00bb da_disable_devices=\u00a0\u00bboff|off|off\u00a0\u00bb global_colors_info=\u00a0\u00bb{}\u00a0\u00bb da_is_popup=\u00a0\u00bboff\u00a0\u00bb da_exit_intent=\u00a0\u00bboff\u00a0\u00bb da_has_close=\u00a0\u00bbon\u00a0\u00bb da_alt_close=\u00a0\u00bboff\u00a0\u00bb da_dark_close=\u00a0\u00bboff\u00a0\u00bb da_not_modal=\u00a0\u00bbon\u00a0\u00bb da_is_singular=\u00a0\u00bboff\u00a0\u00bb da_with_loader=\u00a0\u00bboff\u00a0\u00bb da_has_shadow=\u00a0\u00bbon\u00a0\u00bb][et_pb_row _builder_version=\u00a0\u00bb4.14.8&Prime; _module_preset=\u00a0\u00bbdefault\u00a0\u00bb global_colors_info=\u00a0\u00bb{}\u00a0\u00bb][et_pb_column type=\u00a0\u00bb4_4&Prime; _builder_version=\u00a0\u00bb4.14.8&Prime; _module_preset=\u00a0\u00bbdefault\u00a0\u00bb global_colors_info=\u00a0\u00bb{}\u00a0\u00bb][et_pb_text _builder_version=\u00a0\u00bb4.14.8&Prime; _module_preset=\u00a0\u00bbdefault\u00a0\u00bb global_colors_info=\u00a0\u00bb{}\u00a0\u00bb]<\/p>\n<ol>\n<li><span style=\"font-weight: 400;\">  DONN\u00c9ES D&rsquo;IDENTIFICATION<\/span><\/li>\n<\/ol>\n<p><span style=\"font-weight: 400;\">Conform\u00e9ment au devoir d&rsquo;information contenu dans l&rsquo;article 10 de la loi 34\/2002, du 11 juillet, sur les services de la soci\u00e9t\u00e9 de l&rsquo;information et le commerce \u00e9lectronique, les informations suivantes sont refl\u00e9t\u00e9es ci-dessous : le propri\u00e9taire du domaine web est Madrid Real Estate Advisors SL (ci-apr\u00e8s LE PROPRI\u00c9TAIRE), avec adresse \u00e0 ces fins \u00e0 Paseo de la Castellana, 194 &#8211; 28046 Madrid Num\u00e9ro CIF : B-10539211 et email de contact : info(@)inversionmadrid.com du site web.<\/span><\/p>\n<ol start=\"2\">\n<li><span style=\"font-weight: 400;\">  UTILISATEURS<\/span><\/li>\n<\/ol>\n<p><span style=\"font-weight: 400;\">L&rsquo;acc\u00e8s et\/ou l&rsquo;utilisation de ce portail du PROPRI\u00c9TAIRE attribue la condition d&rsquo;UTILISATEUR, qui accepte, \u00e0 partir dudit acc\u00e8s et\/ou utilisation, les Conditions G\u00e9n\u00e9rales d&rsquo;Utilisation refl\u00e9t\u00e9es ici. Les conditions susmentionn\u00e9es s&rsquo;appliquent ind\u00e9pendamment des conditions g\u00e9n\u00e9rales de vente qui peuvent \u00eatre obligatoires.<\/span><\/p>\n<ol start=\"3\">\n<li><span style=\"font-weight: 400;\">  UTILISATION DU PORTAIL<\/span><\/li>\n<\/ol>\n<p><span style=\"font-weight: 400;\">www.inversionmadrid.com permet d&rsquo;acc\u00e9der \u00e0 une multitude d&rsquo;informations, de services, de programmes ou de donn\u00e9es (ci-apr\u00e8s, \u00ab\u00a0les contenus\u00a0\u00bb) sur Internet appartenant au PROPRI\u00c9TAIRE ou \u00e0 ses conc\u00e9dants, auxquels l&rsquo;UTILISATEUR peut avoir acc\u00e8s. L&rsquo;UTILISATEUR assume la responsabilit\u00e9 de l&rsquo;utilisation du portail. Cette responsabilit\u00e9 s&rsquo;\u00e9tend \u00e0 tout enregistrement qui pourrait \u00eatre n\u00e9cessaire pour acc\u00e9der \u00e0 certains services ou contenus.<\/span><\/p>\n<p><span style=\"font-weight: 400;\">L&rsquo;UTILISATEUR est responsable de la fourniture d&rsquo;informations v\u00e9ridiques et l\u00e9gales lors de son inscription. En cons\u00e9quence de cet enregistrement, l&rsquo;UTILISATEUR pourra recevoir un mot de passe dont il sera responsable, s&rsquo;engageant \u00e0 l&rsquo;utiliser de mani\u00e8re diligente et confidentielle. L&rsquo;UTILISATEUR s&rsquo;engage \u00e0 faire un usage appropri\u00e9 des contenus et services (tels que les services de chat, les forums de discussion ou les groupes de discussion) que Nombre de la empresa creadora del sitio web propose \u00e0 travers son portail et, \u00e0 titre d&rsquo;exemple non limitatif, \u00e0 ne pas les utiliser pour (i) se livrer \u00e0 des activit\u00e9s illicites, ill\u00e9gales ou contraires \u00e0 la bonne foi et \u00e0 l&rsquo;ordre public ; (ii) diffuser des contenus ou de la propagande \u00e0 caract\u00e8re raciste, x\u00e9nophobe, pornographique-ill\u00e9gal, antiterroriste ou concernant les droits de l&rsquo;homme ; (iii) causer des dommages aux syst\u00e8mes physiques et logiques de Nombre de la empresa creadora del sitio web, de ses fournisseurs ou de tiers, introduire ou diffuser des virus informatiques ou tout autre syst\u00e8me physique ou logique susceptible de causer les dommages susmentionn\u00e9s ; (iv) tenter d&rsquo;acc\u00e9der et, le cas \u00e9ch\u00e9ant, d&rsquo;utiliser les comptes de courrier \u00e9lectronique d&rsquo;autres utilisateurs et modifier ou alt\u00e9rer leurs messages. Nombre de la empresa creadora del sitio web se r\u00e9serve le droit de supprimer tous les commentaires et contributions qui violent le respect de la dignit\u00e9 de la personne, qui sont discriminatoires, x\u00e9nophobes, racistes, pornographiques, qui portent atteinte \u00e0 la jeunesse ou \u00e0 l&rsquo;enfance, \u00e0 l&rsquo;ordre ou \u00e0 la s\u00e9curit\u00e9 publique ou qui, \u00e0 son avis, ne sont pas adapt\u00e9s \u00e0 la publication. En tout \u00e9tat de cause, LE PROPRI\u00c9TAIRE n&rsquo;est pas responsable des opinions exprim\u00e9es par les utilisateurs dans les forums, les chats ou autres outils de participation.<\/span><\/p>\n<p><span style=\"font-weight: 400;\">PROTECTION DES DONN\u00c9ES<\/span><\/p>\n<p><span style=\"font-weight: 400;\">LE PROPRI\u00c9TAIRE respecte les directives de la loi organique 15\/1999 du 13 d\u00e9cembre sur la protection des donn\u00e9es \u00e0 caract\u00e8re personnel, du d\u00e9cret royal 1720\/2007 du 21 d\u00e9cembre, qui approuve le r\u00e8glement de d\u00e9veloppement de la loi organique et des autres r\u00e9glementations en vigueur \u00e0 tout moment, et assure l&rsquo;utilisation et le traitement corrects des donn\u00e9es personnelles de l&rsquo;utilisateur. Pour ce faire, avec chaque formulaire de collecte de donn\u00e9es personnelles, dans les services que l&rsquo;utilisateur peut demander info(@)inversionmadrid.com, informera l&rsquo;utilisateur de l&rsquo;existence et de l&rsquo;acceptation des conditions sp\u00e9cifiques du traitement de ses donn\u00e9es dans chaque cas, en informant l&rsquo;utilisateur de la responsabilit\u00e9 du fichier cr\u00e9\u00e9, l&rsquo;adresse du responsable, la possibilit\u00e9 d&rsquo;exercer ses droits d&rsquo;acc\u00e8s, de rectification, d&rsquo;annulation ou d&rsquo;opposition, la finalit\u00e9 du traitement et la communication des donn\u00e9es \u00e0 des tiers le cas \u00e9ch\u00e9ant.<\/span><\/p>\n<p><span style=\"font-weight: 400;\">De m\u00eame, LE PROPRI\u00c9TAIRE vous informe qu&rsquo;il respecte la loi 34\/2002 du 11 juillet, relative aux services de la soci\u00e9t\u00e9 de l&rsquo;information et au commerce \u00e9lectronique et vous demandera \u00e0 tout moment votre consentement pour le traitement de votre courrier \u00e9lectronique \u00e0 des fins commerciales.<\/span><\/p>\n<ol start=\"5\">\n<li><span style=\"font-weight: 400;\">  PROPRI\u00c9T\u00c9 INTELLECTUELLE ET INDUSTRIELLE<\/span><\/li>\n<\/ol>\n<p><span style=\"font-weight: 400;\">LE PROPRI\u00c9TAIRE, par lui-m\u00eame ou en tant que cessionnaire, est propri\u00e9taire de tous les droits de propri\u00e9t\u00e9 intellectuelle et industrielle de son site Web, ainsi que des \u00e9l\u00e9ments qu&rsquo;il contient (y compris, mais sans s&rsquo;y limiter, les images, le son, l&rsquo;audio, la vid\u00e9o, les logiciels ou les textes ; les marques ou les logos, les combinaisons de couleurs, la structure et la conception, la s\u00e9lection des mat\u00e9riaux utilis\u00e9s, les programmes informatiques n\u00e9cessaires \u00e0 son fonctionnement, \u00e0 son acc\u00e8s et \u00e0 son utilisation, etc.), appartenant au PROPRI\u00c9TAIRE ou \u00e0 ses conc\u00e9dants.<\/span><\/p>\n<p><span style=\"font-weight: 400;\">Tous droits r\u00e9serv\u00e9s. En vertu des dispositions des articles 8 et 32.1, deuxi\u00e8me alin\u00e9a, de la loi sur la propri\u00e9t\u00e9 intellectuelle, la reproduction, la distribution et la communication publique, y compris la modalit\u00e9 de mise \u00e0 disposition, de tout ou partie du contenu de ce site web, \u00e0 des fins commerciales, sur tout support et par tout moyen technique, sans l&rsquo;autorisation du PROPRI\u00c9TAIRE, sont express\u00e9ment interdites. L&rsquo;UTILISATEUR s&rsquo;engage \u00e0 respecter les droits de propri\u00e9t\u00e9 intellectuelle et industrielle d\u00e9tenus par le PROPRI\u00c9TAIRE. Vous pouvez visualiser les \u00e9l\u00e9ments du portail et m\u00eame les imprimer, les copier et les stocker sur le disque dur de votre ordinateur ou sur tout autre support physique, \u00e0 condition que ce soit uniquement et exclusivement pour votre usage personnel et priv\u00e9. L&rsquo;UTILISATEUR s&rsquo;abstiendra d&rsquo;effacer, d&rsquo;alt\u00e9rer, d&rsquo;\u00e9luder ou de manipuler tout dispositif de protection ou syst\u00e8me de s\u00e9curit\u00e9 qui a \u00e9t\u00e9 install\u00e9 sur les pages du PROPRI\u00c9TAIRE.<\/span><\/p>\n<ol start=\"6\">\n<li><span style=\"font-weight: 400;\">  EXCLUSION DES GARANTIES ET DE LA RESPONSABILIT\u00c9<\/span><\/li>\n<\/ol>\n<p><span style=\"font-weight: 400;\">Le PROPRI\u00c9TAIRE n&rsquo;est pas responsable, en aucun cas, des dommages de toute nature qui peuvent causer, mais sans s&rsquo;y limiter : des erreurs ou des omissions dans le contenu, le manque de disponibilit\u00e9 du portail ou la transmission de virus ou de programmes malveillants ou nuisibles dans le contenu, malgr\u00e9 avoir pris toutes les mesures technologiques n\u00e9cessaires pour l&#8217;emp\u00eacher.<\/span><\/p>\n<ol start=\"7\">\n<li><span style=\"font-weight: 400;\">  MODIFICATIONS<\/span><\/li>\n<\/ol>\n<p><span style=\"font-weight: 400;\">Le PROPRI\u00c9TAIRE se r\u00e9serve le droit d&rsquo;apporter sans pr\u00e9avis les modifications qu&rsquo;il juge opportunes \u00e0 son portail, et peut modifier, supprimer ou ajouter des contenus et des services fournis par l&rsquo;interm\u00e9diaire du m\u00eame que la mani\u00e8re dont ils sont pr\u00e9sent\u00e9s ou situ\u00e9s sur son portail.<\/span><\/p>\n<ol start=\"8\">\n<li><span style=\"font-weight: 400;\">  LIENS<\/span><\/li>\n<\/ol>\n<p><span style=\"font-weight: 400;\">Si le site www.inversionmadrid.com contient des liens ou des hyperliens vers d&rsquo;autres sites Internet, le PROPRI\u00c9TAIRE n&rsquo;exerce aucun contr\u00f4le sur ces sites et leur contenu. Le PROPRI\u00c9TAIRE n&rsquo;assume en aucun cas la responsabilit\u00e9 du contenu de tout lien appartenant \u00e0 un site web externe, ni ne garantit la disponibilit\u00e9 technique, la qualit\u00e9, la fiabilit\u00e9, l&rsquo;exactitude, l&rsquo;exhaustivit\u00e9, la v\u00e9racit\u00e9, la validit\u00e9 et la constitutionnalit\u00e9 de tout mat\u00e9riel ou information contenu dans ces hyperliens ou autres sites Internet.<\/span><\/p>\n<p><span style=\"font-weight: 400;\">De m\u00eame, l&rsquo;inclusion de ces connexions externes n&rsquo;implique aucun type d&rsquo;association, de fusion ou de participation avec les entit\u00e9s connect\u00e9es.<\/span><\/p>\n<ol start=\"9\">\n<li><span style=\"font-weight: 400;\">  DROIT D&rsquo;EXCLUSION<\/span><\/li>\n<\/ol>\n<p><span style=\"font-weight: 400;\">LE PROPRI\u00c9TAIRE se r\u00e9serve le droit de refuser ou de retirer l&rsquo;acc\u00e8s au portail et\/ou aux services offerts sans pr\u00e9avis, \u00e0 sa propre demande ou \u00e0 la demande d&rsquo;un tiers, aux utilisateurs qui ne respectent pas les pr\u00e9sentes conditions g\u00e9n\u00e9rales d&rsquo;utilisation.<\/span><\/p>\n<p><span style=\"font-weight: 400;\">10.GENERAL<\/span><\/p>\n<p><span style=\"font-weight: 400;\">Le PROPRI\u00c9TAIRE poursuivra la violation de ces conditions ainsi que toute utilisation abusive de son portail en exer\u00e7ant toutes les actions civiles et p\u00e9nales qui peuvent lui correspondre par la loi.<\/span><\/p>\n<p><span style=\"font-weight: 400;\">11.MODIFICATION DES PR\u00c9SENTES CONDITIONS ET DUR\u00c9E<\/span><\/p>\n<p><span style=\"font-weight: 400;\">LE PROPRI\u00c9TAIRE peut modifier \u00e0 tout moment les conditions d\u00e9termin\u00e9es ici, \u00e9tant d\u00fbment publi\u00e9es telles qu&rsquo;elles apparaissent ici.<\/span><\/p>\n<p><span style=\"font-weight: 400;\">La validit\u00e9 de ces conditions d\u00e9pend de leur affichage et reste en vigueur jusqu&rsquo;\u00e0 ce qu&rsquo;elles soient d\u00fbment publi\u00e9es. pour \u00eatre modifi\u00e9 par d&rsquo;autres.<\/span><\/p>\n<ol start=\"12\">\n<li><span style=\"font-weight: 400;\">  <\/span><\/li>\n<\/ol>\n<p><span style=\"font-weight: 400;\">Les relations entre le PROPRI\u00c9TAIRE et l&rsquo;UTILISATEUR seront r\u00e9gies par la l\u00e9gislation espagnole en vigueur et tout litige sera soumis aux Cours et Tribunaux de la ville de Madrid.<\/span><\/p>\n<p>&nbsp;<\/p>\n<p><span style=\"font-weight: 400;\">Mineurs<\/span><\/p>\n<p>&nbsp;<\/p>\n<p><span style=\"font-weight: 400;\">www.inversionmadrid.com adresse ses services aux utilisateurs \u00e2g\u00e9s de plus de 18 ans. Les enfants n&rsquo;ayant pas atteint cet \u00e2ge ne sont pas autoris\u00e9s \u00e0 utiliser nos services et ne doivent donc pas nous transmettre leurs donn\u00e9es personnelles. Nous vous informons que si une telle circonstance se produit, le propri\u00e9taire n&rsquo;est pas responsable des cons\u00e9quences possibles qui peuvent d\u00e9couler du non-respect de l&rsquo;avis \u00e9tabli dans cette clause.<\/span><\/p>\n<p>[\/et_pb_text][\/et_pb_column][\/et_pb_row][\/et_pb_section]<\/p>\n","protected":false},"excerpt":{"rendered":"<p>Accueil \/ Avis juridique DONN\u00c9ES D&rsquo;IDENTIFICATION Conform\u00e9ment au devoir d&rsquo;information contenu dans l&rsquo;article 10 de la loi 34\/2002, du 11 juillet, sur les services de la soci\u00e9t\u00e9 de l&rsquo;information et le commerce \u00e9lectronique, les informations suivantes sont refl\u00e9t\u00e9es ci-dessous : le propri\u00e9taire du domaine web est Madrid Real Estate Advisors SL (ci-apr\u00e8s LE PROPRI\u00c9TAIRE), avec [&hellip;]<\/p>\n","protected":false},"author":3,"featured_media":0,"parent":0,"menu_order":0,"comment_status":"closed","ping_status":"closed","template":"","meta":{"_et_pb_use_builder":"on","_et_pb_old_content":"","_et_gb_content_width":"","footnotes":""},"dipi_cpt_category":[],"class_list":["post-1884","page","type-page","status-publish","hentry"],"yoast_head":"<!-- This site is optimized with the Yoast SEO plugin v21.8 - https:\/\/yoast.com\/wordpress\/plugins\/seo\/ -->\n<title>Avis juridique - Inversi\u00f3n Madrid<\/title>\n<meta name=\"robots\" content=\"noindex, follow\" \/>\n<meta property=\"og:locale\" content=\"fr_FR\" \/>\n<meta property=\"og:type\" content=\"article\" \/>\n<meta property=\"og:title\" content=\"Avis juridique - Inversi\u00f3n Madrid\" \/>\n<meta property=\"og:description\" content=\"Accueil \/ Avis juridique DONN\u00c9ES D&#039;IDENTIFICATION Conform\u00e9ment au devoir d&#039;information contenu dans l&#039;article 10 de la loi 34\/2002, du 11 juillet, sur les services de la soci\u00e9t\u00e9 de l&#039;information et le commerce \u00e9lectronique, les informations suivantes sont refl\u00e9t\u00e9es ci-dessous : le propri\u00e9taire du domaine web est Madrid Real Estate Advisors SL (ci-apr\u00e8s LE PROPRI\u00c9TAIRE), avec [&hellip;]\" \/>\n<meta property=\"og:url\" content=\"https:\/\/www.inversionmadrid.com\/fr\/avis-juridique\/\" \/>\n<meta property=\"og:site_name\" content=\"Inversi\u00f3n Madrid\" \/>\n<meta property=\"article:modified_time\" content=\"2022-12-09T09:07:20+00:00\" \/>\n<meta name=\"twitter:card\" content=\"summary_large_image\" \/>\n<meta name=\"twitter:label1\" content=\"Dur\u00e9e de lecture estim\u00e9e\" \/>\n\t<meta name=\"twitter:data1\" content=\"9 minutes\" \/>\n<script type=\"application\/ld+json\" class=\"yoast-schema-graph\">{\"@context\":\"https:\/\/schema.org\",\"@graph\":[{\"@type\":\"WebPage\",\"@id\":\"https:\/\/www.inversionmadrid.com\/fr\/avis-juridique\/\",\"url\":\"https:\/\/www.inversionmadrid.com\/fr\/avis-juridique\/\",\"name\":\"Avis juridique - Inversi\u00f3n Madrid\",\"isPartOf\":{\"@id\":\"https:\/\/www.inversionmadrid.com\/#website\"},\"datePublished\":\"2022-03-30T09:59:35+00:00\",\"dateModified\":\"2022-12-09T09:07:20+00:00\",\"breadcrumb\":{\"@id\":\"https:\/\/www.inversionmadrid.com\/fr\/avis-juridique\/#breadcrumb\"},\"inLanguage\":\"fr-FR\",\"potentialAction\":[{\"@type\":\"ReadAction\",\"target\":[\"https:\/\/www.inversionmadrid.com\/fr\/avis-juridique\/\"]}]},{\"@type\":\"BreadcrumbList\",\"@id\":\"https:\/\/www.inversionmadrid.com\/fr\/avis-juridique\/#breadcrumb\",\"itemListElement\":[{\"@type\":\"ListItem\",\"position\":1,\"name\":\"Portada\",\"item\":\"https:\/\/www.inversionmadrid.com\/fr\/investissement-madrid\/\"},{\"@type\":\"ListItem\",\"position\":2,\"name\":\"Avis juridique\"}]},{\"@type\":\"WebSite\",\"@id\":\"https:\/\/www.inversionmadrid.com\/#website\",\"url\":\"https:\/\/www.inversionmadrid.com\/\",\"name\":\"Inversi\u00f3n Madrid\",\"description\":\"Le ayudamos a conseguir la m\u00e1xima rentabilidad en sus operaciones inmobiliarias de compra y venta en Madrid\",\"potentialAction\":[{\"@type\":\"SearchAction\",\"target\":{\"@type\":\"EntryPoint\",\"urlTemplate\":\"https:\/\/www.inversionmadrid.com\/?s={search_term_string}\"},\"query-input\":\"required name=search_term_string\"}],\"inLanguage\":\"fr-FR\"}]}<\/script>\n<!-- \/ Yoast SEO plugin. -->","yoast_head_json":{"title":"Avis juridique - Inversi\u00f3n Madrid","robots":{"index":"noindex","follow":"follow"},"og_locale":"fr_FR","og_type":"article","og_title":"Avis juridique - Inversi\u00f3n Madrid","og_description":"Accueil \/ Avis juridique DONN\u00c9ES D'IDENTIFICATION Conform\u00e9ment au devoir d'information contenu dans l'article 10 de la loi 34\/2002, du 11 juillet, sur les services de la soci\u00e9t\u00e9 de l'information et le commerce \u00e9lectronique, les informations suivantes sont refl\u00e9t\u00e9es ci-dessous : le propri\u00e9taire du domaine web est Madrid Real Estate Advisors SL (ci-apr\u00e8s LE PROPRI\u00c9TAIRE), avec [&hellip;]","og_url":"https:\/\/www.inversionmadrid.com\/fr\/avis-juridique\/","og_site_name":"Inversi\u00f3n Madrid","article_modified_time":"2022-12-09T09:07:20+00:00","twitter_card":"summary_large_image","twitter_misc":{"Dur\u00e9e de lecture estim\u00e9e":"9 minutes"},"schema":{"@context":"https:\/\/schema.org","@graph":[{"@type":"WebPage","@id":"https:\/\/www.inversionmadrid.com\/fr\/avis-juridique\/","url":"https:\/\/www.inversionmadrid.com\/fr\/avis-juridique\/","name":"Avis juridique - Inversi\u00f3n Madrid","isPartOf":{"@id":"https:\/\/www.inversionmadrid.com\/#website"},"datePublished":"2022-03-30T09:59:35+00:00","dateModified":"2022-12-09T09:07:20+00:00","breadcrumb":{"@id":"https:\/\/www.inversionmadrid.com\/fr\/avis-juridique\/#breadcrumb"},"inLanguage":"fr-FR","potentialAction":[{"@type":"ReadAction","target":["https:\/\/www.inversionmadrid.com\/fr\/avis-juridique\/"]}]},{"@type":"BreadcrumbList","@id":"https:\/\/www.inversionmadrid.com\/fr\/avis-juridique\/#breadcrumb","itemListElement":[{"@type":"ListItem","position":1,"name":"Portada","item":"https:\/\/www.inversionmadrid.com\/fr\/investissement-madrid\/"},{"@type":"ListItem","position":2,"name":"Avis juridique"}]},{"@type":"WebSite","@id":"https:\/\/www.inversionmadrid.com\/#website","url":"https:\/\/www.inversionmadrid.com\/","name":"Inversi\u00f3n Madrid","description":"Le ayudamos a conseguir la m\u00e1xima rentabilidad en sus operaciones inmobiliarias de compra y venta en Madrid","potentialAction":[{"@type":"SearchAction","target":{"@type":"EntryPoint","urlTemplate":"https:\/\/www.inversionmadrid.com\/?s={search_term_string}"},"query-input":"required name=search_term_string"}],"inLanguage":"fr-FR"}]}},"_links":{"self":[{"href":"https:\/\/www.inversionmadrid.com\/fr\/wp-json\/wp\/v2\/pages\/1884","targetHints":{"allow":["GET"]}}],"collection":[{"href":"https:\/\/www.inversionmadrid.com\/fr\/wp-json\/wp\/v2\/pages"}],"about":[{"href":"https:\/\/www.inversionmadrid.com\/fr\/wp-json\/wp\/v2\/types\/page"}],"author":[{"embeddable":true,"href":"https:\/\/www.inversionmadrid.com\/fr\/wp-json\/wp\/v2\/users\/3"}],"replies":[{"embeddable":true,"href":"https:\/\/www.inversionmadrid.com\/fr\/wp-json\/wp\/v2\/comments?post=1884"}],"version-history":[{"count":2,"href":"https:\/\/www.inversionmadrid.com\/fr\/wp-json\/wp\/v2\/pages\/1884\/revisions"}],"predecessor-version":[{"id":1886,"href":"https:\/\/www.inversionmadrid.com\/fr\/wp-json\/wp\/v2\/pages\/1884\/revisions\/1886"}],"wp:attachment":[{"href":"https:\/\/www.inversionmadrid.com\/fr\/wp-json\/wp\/v2\/media?parent=1884"}],"wp:term":[{"taxonomy":"dipi_cpt_category","embeddable":true,"href":"https:\/\/www.inversionmadrid.com\/fr\/wp-json\/wp\/v2\/dipi_cpt_category?post=1884"}],"curies":[{"name":"wp","href":"https:\/\/api.w.org\/{rel}","templated":true}]}}